{"id":300,"date":"2021-08-24T00:29:33","date_gmt":"2021-08-24T00:29:33","guid":{"rendered":"https:\/\/naturapanama.org\/?page_id=300"},"modified":"2024-12-27T16:43:20","modified_gmt":"2024-12-27T21:43:20","slug":"proyectos","status":"publish","type":"page","link":"https:\/\/naturapanama.org\/en\/proyectos\/","title":{"rendered":"Proyectos"},"content":{"rendered":"<h1>Campa\u00f1as y Proyectos<\/h1>\n<h2>Campa\u00f1as<\/h2>\n<div>\n<\/div>\n<hr>\n<h2>Proyectos<\/h2>\n<div>\n<\/div>\n<p><!--more--><br \/>\n<!-- {\"type\":\"layout\",\"children\":[{\"type\":\"section\",\"props\":{\"image_position\":\"center-center\",\"padding\":\"small\",\"style\":\"default\",\"title_breakpoint\":\"xl\",\"title_position\":\"top-left\",\"title_rotation\":\"left\",\"vertical_align\":\"middle\",\"width\":\"default\"},\"children\":[{\"type\":\"row\",\"children\":[{\"type\":\"column\",\"props\":{\"image_position\":\"center-center\",\"position_sticky_breakpoint\":\"m\"},\"children\":[{\"type\":\"headline\",\"props\":{\"content\":\"Campa\\u00f1as y Proyectos\",\"content_en_us\":\"Campaigns and Projects\",\"text_align\":\"center\",\"title_color\":\"primary\",\"title_decoration\":\"line\",\"title_element\":\"h1\",\"title_style\":\"heading-medium\"}},{\"type\":\"headline\",\"props\":{\"content\":\"Campa\\u00f1as\",\"content_en_us\":\"Campaigns\",\"text_align\":\"center\",\"title_color\":\"secondary\",\"title_element\":\"h2\",\"title_style\":\"heading-small\"}},{\"type\":\"grid\",\"props\":{\"content_column_breakpoint\":\"m\",\"filter_align\":\"left\",\"filter_all\":true,\"filter_grid_breakpoint\":\"m\",\"filter_grid_width\":\"auto\",\"filter_position\":\"top\",\"filter_style\":\"tab\",\"grid_default\":\"1\",\"grid_medium\":\"3\",\"grid_small\":\"2\",\"icon_width\":80,\"image_align\":\"top\",\"image_grid_breakpoint\":\"m\",\"image_grid_width\":\"1-2\",\"image_height\":\"500\",\"image_svg_color\":\"emphasis\",\"image_width\":\"400\",\"item_animation\":true,\"link_size\":\"small\",\"link_style\":\"primary\",\"link_text\":\"Ver Campa\\u00f1a\",\"link_text_en_us\":\"See Campaign\",\"margin\":\"default\",\"meta_align\":\"below-title\",\"meta_element\":\"div\",\"meta_style\":\"text-meta\",\"panel_image_no_padding\":true,\"panel_padding\":\"small\",\"panel_style\":\"card-default\",\"show_content\":true,\"show_image\":true,\"show_link\":true,\"show_meta\":true,\"show_title\":true,\"title_align\":\"top\",\"title_element\":\"h3\",\"title_font_family\":\"secondary\",\"title_grid_breakpoint\":\"m\",\"title_grid_width\":\"1-2\",\"title_hover_style\":\"reset\",\"title_style\":\"h4\"},\"children\":[{\"type\":\"grid_item\",\"source\":{\"query\":{\"name\":\"posts.customPosts\",\"arguments\":{\"terms\":[48],\"category_operator\":\"IN\",\"post_tag_operator\":\"IN\",\"users\":[],\"users_operator\":\"IN\",\"offset\":0,\"limit\":10,\"order\":\"date\",\"order_direction\":\"DESC\"}},\"props\":{\"title\":{\"filters\":{\"search\":\"\"},\"name\":\"title\"},\"image\":{\"filters\":{\"search\":\"\"},\"name\":\"featuredImage.url\"},\"image_alt\":{\"filters\":{\"search\":\"\"},\"name\":\"title\"},\"link\":{\"filters\":{\"search\":\"\"},\"name\":\"link\"},\"link_aria_label\":{\"filters\":{\"search\":\"\",\"before\":\"ver campa\\u00f1a \"},\"name\":\"title\"}}}}]}]}]}]},{\"type\":\"section\",\"props\":{\"image_position\":\"center-center\",\"padding\":\"small\",\"style\":\"default\",\"title_breakpoint\":\"xl\",\"title_position\":\"top-left\",\"title_rotation\":\"left\",\"vertical_align\":\"middle\",\"width\":\"default\"},\"children\":[{\"type\":\"row\",\"props\":{\"match\":true},\"children\":[{\"type\":\"column\",\"props\":{\"image_position\":\"center-center\",\"position_sticky_breakpoint\":\"m\"},\"children\":[{\"type\":\"divider\",\"props\":{\"divider_element\":\"hr\"}},{\"type\":\"headline\",\"props\":{\"content\":\"Proyectos\",\"content_en_us\":\"Projects\",\"text_align\":\"center\",\"title_color\":\"secondary\",\"title_element\":\"h2\",\"title_style\":\"heading-small\"}},{\"type\":\"grid\",\"props\":{\"content_column_breakpoint\":\"m\",\"filter\":true,\"filter_align\":\"left\",\"filter_all\":true,\"filter_all_label\":\"Todos\",\"filter_all_label_en_us\":\"All\",\"filter_grid_breakpoint\":\"m\",\"filter_grid_width\":\"auto\",\"filter_position\":\"top\",\"filter_style\":\"subnav-pill\",\"grid_default\":\"1\",\"grid_medium\":\"4\",\"grid_small\":\"2\",\"icon_width\":80,\"image_align\":\"top\",\"image_grid_breakpoint\":\"m\",\"image_grid_width\":\"1-2\",\"image_height\":\"500\",\"image_svg_color\":\"emphasis\",\"image_width\":\"400\",\"item_animation\":true,\"link_size\":\"small\",\"link_style\":\"primary\",\"link_text\":\"Leer m\\u00e1s\",\"margin\":\"default\",\"meta_align\":\"above-title\",\"meta_element\":\"div\",\"meta_style\":\"text-meta\",\"panel_image_no_padding\":true,\"panel_padding\":\"small\",\"panel_style\":\"card-default\",\"show_content\":true,\"show_image\":true,\"show_link\":true,\"show_meta\":false,\"show_title\":true,\"title_align\":\"top\",\"title_element\":\"h3\",\"title_font_family\":\"secondary\",\"title_grid_breakpoint\":\"m\",\"title_grid_width\":\"1-2\",\"title_hover_style\":\"reset\",\"title_margin\":\"small\",\"title_style\":\"h4\"},\"children\":[{\"type\":\"grid_item\",\"source\":{\"query\":{\"name\":\"posts.customPosts\",\"arguments\":{\"terms\":[42],\"category_operator\":\"IN\",\"post_tag_operator\":\"IN\",\"users\":[],\"users_operator\":\"IN\",\"offset\":0,\"limit\":300,\"order\":\"date\",\"order_direction\":\"DESC\"}},\"props\":{\"title\":{\"filters\":{\"search\":\"\"},\"name\":\"title\"},\"image\":{\"filters\":{\"search\":\"\"},\"name\":\"featuredImage.url\"},\"image_alt\":{\"filters\":{\"search\":\"\"},\"name\":\"title\"},\"link\":{\"filters\":{\"search\":\"\"},\"name\":\"link\"},\"link_aria_label\":{\"filters\":{\"search\":\"\",\"before\":\"ver proyecto \"},\"name\":\"title\"},\"tags\":{\"filters\":{\"search\":\"\"},\"arguments\":{\"separator\":\", \",\"show_link\":true,\"link_style\":\"\"},\"name\":\"post_tagString\"},\"meta\":{\"filters\":{\"search\":\"\"},\"arguments\":{\"separator\":\", \",\"show_link\":true,\"link_style\":\"\"},\"name\":\"post_tagString\"}}}}]}]}]}]}],\"version\":\"4.1.3\"} --><\/p>\n","protected":false},"excerpt":{"rendered":"<p>Campa\u00f1as y Proyectos Campa\u00f1as Proyectos<\/p>\n","protected":false},"author":1,"featured_media":0,"parent":0,"menu_order":0,"comment_status":"closed","ping_status":"closed","template":"","meta":{"_acf_changed":false,"footnotes":""},"class_list":["post-300","page","type-page","status-publish","hentry"],"acf":[],"yoast_head":"<!-- This site is optimized with the Yoast SEO plugin v27.4 - https:\/\/yoast.com\/product\/yoast-seo-wordpress\/ -->\n<title>Proyectos<\/title>\n<meta name=\"description\" content=\"Campa\u00f1as y Proyectos Campa\u00f1as Proyectos\" \/>\n<meta name=\"robots\" content=\"index, follow, max-snippet:-1, max-image-preview:large, max-video-preview:-1\" \/>\n<link rel=\"canonical\" href=\"http:\/\/Campa\u00f1as%20y%20Proyectos%20Campa\u00f1as%20Proyectos\" \/>\n<meta property=\"og:locale\" content=\"en_US\" \/>\n<meta property=\"og:type\" content=\"article\" \/>\n<meta property=\"og:title\" content=\"Proyectos\" \/>\n<meta property=\"og:description\" content=\"Campa\u00f1as y Proyectos Campa\u00f1as Proyectos\" \/>\n<meta property=\"og:url\" content=\"https:\/\/naturapanama.org\/en\/proyectos\/\" \/>\n<meta property=\"og:site_name\" content=\"Fundaci&oacute;n Natura\" \/>\n<meta property=\"article:publisher\" content=\"https:\/\/www.facebook.com\/naturapma\/\" \/>\n<meta property=\"article:modified_time\" content=\"2024-12-27T21:43:20+00:00\" \/>\n<meta name=\"twitter:card\" content=\"summary_large_image\" \/>\n<meta name=\"twitter:site\" content=\"@naturapanama\" \/>\n<script type=\"application\/ld+json\" class=\"yoast-schema-graph\">{\"@context\":\"https:\\\/\\\/schema.org\",\"@graph\":[{\"@type\":\"WebPage\",\"@id\":\"https:\\\/\\\/naturapanama.org\\\/en\\\/proyectos\\\/\",\"url\":\"https:\\\/\\\/naturapanama.org\\\/en\\\/proyectos\\\/\",\"name\":\"Proyectos &#060; Fundaci&oacute;n Natura\",\"isPartOf\":{\"@id\":\"https:\\\/\\\/naturapanama.org\\\/#website\"},\"datePublished\":\"2021-08-24T00:29:33+00:00\",\"dateModified\":\"2024-12-27T21:43:20+00:00\",\"breadcrumb\":{\"@id\":\"https:\\\/\\\/naturapanama.org\\\/en\\\/proyectos\\\/#breadcrumb\"},\"inLanguage\":\"en-US\",\"potentialAction\":[{\"@type\":\"ReadAction\",\"target\":[\"https:\\\/\\\/naturapanama.org\\\/en\\\/proyectos\\\/\"]}]},{\"@type\":\"BreadcrumbList\",\"@id\":\"https:\\\/\\\/naturapanama.org\\\/en\\\/proyectos\\\/#breadcrumb\",\"itemListElement\":[{\"@type\":\"ListItem\",\"position\":1,\"name\":\"Inicio\",\"item\":\"https:\\\/\\\/naturapanama.org\\\/\"},{\"@type\":\"ListItem\",\"position\":2,\"name\":\"Proyectos\"}]},{\"@type\":\"WebSite\",\"@id\":\"https:\\\/\\\/naturapanama.org\\\/en\\\/#website\",\"url\":\"https:\\\/\\\/naturapanama.org\\\/en\\\/\",\"name\":\"Fundaci\u00f3n Natura\",\"description\":\"Fundaci&oacute;n Natura es reconocida como gestor de recursos, que lidera e innova en la conservaci&oacute;n y el manejo sostenible de ecosistemas y su biodiversidad en las cuencas hidrogr&aacute;ficas y &aacute;reas marino costeras priorizadas\",\"publisher\":{\"@id\":\"https:\\\/\\\/naturapanama.org\\\/en\\\/#organization\"},\"potentialAction\":[{\"@type\":\"SearchAction\",\"target\":{\"@type\":\"EntryPoint\",\"urlTemplate\":\"https:\\\/\\\/naturapanama.org\\\/en\\\/?s={search_term_string}\"},\"query-input\":{\"@type\":\"PropertyValueSpecification\",\"valueRequired\":true,\"valueName\":\"search_term_string\"}}],\"inLanguage\":\"en-US\"},{\"@type\":\"Organization\",\"@id\":\"https:\\\/\\\/naturapanama.org\\\/en\\\/#organization\",\"name\":\"Fundacion Natura\",\"url\":\"https:\\\/\\\/naturapanama.org\\\/en\\\/\",\"logo\":{\"@type\":\"ImageObject\",\"inLanguage\":\"en-US\",\"@id\":\"https:\\\/\\\/naturapanama.org\\\/en\\\/#\\\/schema\\\/logo\\\/image\\\/\",\"url\":\"https:\\\/\\\/naturapanama.org\\\/wp-content\\\/uploads\\\/2021\\\/08\\\/cropped-Recurso-3@4x.png\",\"contentUrl\":\"https:\\\/\\\/naturapanama.org\\\/wp-content\\\/uploads\\\/2021\\\/08\\\/cropped-Recurso-3@4x.png\",\"width\":512,\"height\":512,\"caption\":\"Fundacion Natura\"},\"image\":{\"@id\":\"https:\\\/\\\/naturapanama.org\\\/en\\\/#\\\/schema\\\/logo\\\/image\\\/\"},\"sameAs\":[\"https:\\\/\\\/www.facebook.com\\\/naturapma\\\/\",\"https:\\\/\\\/x.com\\\/naturapanama\",\"https:\\\/\\\/www.instagram.com\\\/naturapma\\\/\",\"https:\\\/\\\/www.youtube.com\\\/channel\\\/UCWu_h9ovqfg_vR2RlGe9UfA\"]}]}<\/script>\n<!-- \/ Yoast SEO plugin. -->","yoast_head_json":{"title":"Proyectos","description":"Campa\u00f1as y Proyectos Campa\u00f1as Proyectos","robots":{"index":"index","follow":"follow","max-snippet":"max-snippet:-1","max-image-preview":"max-image-preview:large","max-video-preview":"max-video-preview:-1"},"canonical":"Campa\u00f1as y Proyectos Campa\u00f1as Proyectos","og_locale":"en_US","og_type":"article","og_title":"Proyectos","og_description":"Campa\u00f1as y Proyectos Campa\u00f1as Proyectos","og_url":"https:\/\/naturapanama.org\/en\/proyectos\/","og_site_name":"Fundaci&oacute;n Natura","article_publisher":"https:\/\/www.facebook.com\/naturapma\/","article_modified_time":"2024-12-27T21:43:20+00:00","twitter_card":"summary_large_image","twitter_site":"@naturapanama","schema":{"@context":"https:\/\/schema.org","@graph":[{"@type":"WebPage","@id":"https:\/\/naturapanama.org\/en\/proyectos\/","url":"https:\/\/naturapanama.org\/en\/proyectos\/","name":"Proyectos &#060; Fundaci&oacute;n Natura","isPartOf":{"@id":"https:\/\/naturapanama.org\/#website"},"datePublished":"2021-08-24T00:29:33+00:00","dateModified":"2024-12-27T21:43:20+00:00","breadcrumb":{"@id":"https:\/\/naturapanama.org\/en\/proyectos\/#breadcrumb"},"inLanguage":"en-US","potentialAction":[{"@type":"ReadAction","target":["https:\/\/naturapanama.org\/en\/proyectos\/"]}]},{"@type":"BreadcrumbList","@id":"https:\/\/naturapanama.org\/en\/proyectos\/#breadcrumb","itemListElement":[{"@type":"ListItem","position":1,"name":"Inicio","item":"https:\/\/naturapanama.org\/"},{"@type":"ListItem","position":2,"name":"Proyectos"}]},{"@type":"WebSite","@id":"https:\/\/naturapanama.org\/en\/#website","url":"https:\/\/naturapanama.org\/en\/","name":"Fundaci\u00f3n Natura","description":"Fundaci&oacute;n Natura es reconocida como gestor de recursos, que lidera e innova en la conservaci&oacute;n y el manejo sostenible de ecosistemas y su biodiversidad en las cuencas hidrogr&aacute;ficas y &aacute;reas marino costeras priorizadas","publisher":{"@id":"https:\/\/naturapanama.org\/en\/#organization"},"potentialAction":[{"@type":"SearchAction","target":{"@type":"EntryPoint","urlTemplate":"https:\/\/naturapanama.org\/en\/?s={search_term_string}"},"query-input":{"@type":"PropertyValueSpecification","valueRequired":true,"valueName":"search_term_string"}}],"inLanguage":"en-US"},{"@type":"Organization","@id":"https:\/\/naturapanama.org\/en\/#organization","name":"Fundacion Natura","url":"https:\/\/naturapanama.org\/en\/","logo":{"@type":"ImageObject","inLanguage":"en-US","@id":"https:\/\/naturapanama.org\/en\/#\/schema\/logo\/image\/","url":"https:\/\/naturapanama.org\/wp-content\/uploads\/2021\/08\/cropped-Recurso-3@4x.png","contentUrl":"https:\/\/naturapanama.org\/wp-content\/uploads\/2021\/08\/cropped-Recurso-3@4x.png","width":512,"height":512,"caption":"Fundacion Natura"},"image":{"@id":"https:\/\/naturapanama.org\/en\/#\/schema\/logo\/image\/"},"sameAs":["https:\/\/www.facebook.com\/naturapma\/","https:\/\/x.com\/naturapanama","https:\/\/www.instagram.com\/naturapma\/","https:\/\/www.youtube.com\/channel\/UCWu_h9ovqfg_vR2RlGe9UfA"]}]}},"_links":{"self":[{"href":"https:\/\/naturapanama.org\/en\/wp-json\/wp\/v2\/pages\/300","targetHints":{"allow":["GET"]}}],"collection":[{"href":"https:\/\/naturapanama.org\/en\/wp-json\/wp\/v2\/pages"}],"about":[{"href":"https:\/\/naturapanama.org\/en\/wp-json\/wp\/v2\/types\/page"}],"author":[{"embeddable":true,"href":"https:\/\/naturapanama.org\/en\/wp-json\/wp\/v2\/users\/1"}],"replies":[{"embeddable":true,"href":"https:\/\/naturapanama.org\/en\/wp-json\/wp\/v2\/comments?post=300"}],"version-history":[{"count":83,"href":"https:\/\/naturapanama.org\/en\/wp-json\/wp\/v2\/pages\/300\/revisions"}],"predecessor-version":[{"id":11247,"href":"https:\/\/naturapanama.org\/en\/wp-json\/wp\/v2\/pages\/300\/revisions\/11247"}],"wp:attachment":[{"href":"https:\/\/naturapanama.org\/en\/wp-json\/wp\/v2\/media?parent=300"}],"curies":[{"name":"wp","href":"https:\/\/api.w.org\/{rel}","templated":true}]}}