{"id":5401,"date":"2021-08-24T10:02:00","date_gmt":"2021-08-24T10:02:00","guid":{"rendered":"https:\/\/naturapanama.org\/?page_id=5401"},"modified":"2025-09-04T15:22:19","modified_gmt":"2025-09-04T20:22:19","slug":"noticias-y-recursos","status":"publish","type":"page","link":"https:\/\/naturapanama.org\/en\/noticias-y-recursos\/","title":{"rendered":"Noticias y Recursos"},"content":{"rendered":"<h2>\u00daltimas noticias<\/h2>\n<div>\n<\/div>\n<p><p>\n        Ir a secci\u00f3n noticias    <\/p>\n<\/p>\n<div>\n<p>        <img decoding=\"async\" src=\"\/wp-content\/uploads\/2023\/07\/portada.jpg\" alt=\"\"><\/p>\n<h2>Visite la librer\u00eda<\/h2>\n<div>\n<p>Gu\u00edas, documentos t\u00e9cnicos, diagn\u00f3sticos y m\u00e1s de 20 archivos descargables en PDF<\/p>\n<\/div>\n<p><a href=\"\/libreria\/\">Ir a librer\u00eda<\/a><\/p>\n<\/div>\n<h1>Escuche el podcast<\/h1>\n<div>\n<p>    <iframe style=\"border-radius:12px\" src=\"https:\/\/open.spotify.com\/embed\/show\/56PO3RKFwop3QyttecqSVT?utm_source=generator\" width=\"100%\" height=\"152\" frameBorder=\"0\" allowfullscreen=\"\" allow=\"autoplay; clipboard-write; encrypted-media; fullscreen; picture-in-picture\" loading=\"lazy\"><\/iframe>\n<\/div>\n<p><p>\n        <a href=\"https:\/\/open.spotify.com\/show\/56PO3RKFwop3QyttecqSVT?si=703707905a7145ac\">Escuchar todos los episodios<\/a>\n    <\/p>\n<\/p>\n<h1>Videos<\/h1>\n<p><iframe src=\"https:\/\/www.youtube.com\/watch?v=Vml8SZxHLBs&#038;list=PL_V6dJimr8v1WWsuFXYHgAxqI9p59V0kt\"><\/iframe><br \/>\n<iframe src=\"https:\/\/www.youtube.com\/watch?v=LrpALg7XfqY\"><\/iframe><br \/>\n<iframe src=\"https:\/\/www.youtube.com\/watch?v=Bbf_O0j_Hu4\"><\/iframe><\/p>\n<p><p>\n        <a href=\"https:\/\/www.youtube.com\/@naturapanama5887\">Ir a canal Youtube<\/a>\n    <\/p>\n<\/p>\n<p><!--more--><br \/>\n<!-- {\"type\":\"layout\",\"children\":[{\"type\":\"section\",\"props\":{\"image_position\":\"center-center\",\"style\":\"default\",\"title_breakpoint\":\"xl\",\"title_position\":\"top-left\",\"title_rotation\":\"left\",\"vertical_align\":\"\",\"width\":\"default\"},\"children\":[{\"type\":\"row\",\"children\":[{\"type\":\"column\",\"props\":{\"image_position\":\"center-center\",\"position_sticky_breakpoint\":\"m\"},\"children\":[{\"type\":\"headline\",\"props\":{\"content\":\"\\u00daltimas noticias\",\"content_en_us\":\"Latest News\",\"title_decoration\":\"line\",\"title_element\":\"h2\",\"title_style\":\"h1\"}},{\"type\":\"grid\",\"props\":{\"content_column_breakpoint\":\"m\",\"filter_align\":\"left\",\"filter_all\":true,\"filter_grid_breakpoint\":\"m\",\"filter_grid_width\":\"auto\",\"filter_position\":\"top\",\"filter_style\":\"tab\",\"grid_default\":\"1\",\"grid_medium\":\"\",\"icon_width\":80,\"image_align\":\"left\",\"image_grid_breakpoint\":\"s\",\"image_grid_width\":\"1-3\",\"image_height\":\"400\",\"image_svg_color\":\"emphasis\",\"image_vertical_align\":true,\"image_width\":\"600\",\"item_animation\":true,\"lightbox_bg_close\":true,\"link_size\":\"small\",\"link_style\":\"primary\",\"link_text\":\"Leer noticia\",\"link_text_en_us\":\"Read news\",\"margin\":\"default\",\"meta_align\":\"below-title\",\"meta_element\":\"div\",\"meta_style\":\"text-meta\",\"show_content\":true,\"show_hover_image\":true,\"show_hover_video\":true,\"show_image\":true,\"show_link\":true,\"show_meta\":true,\"show_title\":true,\"show_video\":true,\"title_align\":\"top\",\"title_element\":\"h3\",\"title_grid_breakpoint\":\"m\",\"title_grid_width\":\"1-2\",\"title_hover_style\":\"reset\"},\"children\":[{\"type\":\"grid_item\",\"source\":{\"query\":{\"name\":\"posts.customPosts\",\"arguments\":{\"terms\":[67],\"category_operator\":\"IN\",\"post_tag_operator\":\"IN\",\"users\":[],\"users_operator\":\"IN\",\"offset\":0,\"limit\":2,\"order\":\"date\",\"order_direction\":\"DESC\"}},\"props\":{\"title\":{\"filters\":{\"search\":\"\"},\"name\":\"title\"},\"image\":{\"filters\":{\"search\":\"\"},\"name\":\"featuredImage.url\"},\"content\":{\"filters\":{\"search\":\"\"},\"name\":\"excerpt\"},\"link\":{\"filters\":{\"search\":\"\"},\"name\":\"link\"}}}}]},{\"type\":\"button\",\"props\":{\"grid_column_gap\":\"small\",\"grid_row_gap\":\"small\",\"margin\":\"default\"},\"children\":[{\"type\":\"button_item\",\"props\":{\"button_style\":\"link-text\",\"content\":\"Ir a secci\\u00f3n noticias\",\"content_en_us\":\"Go to news section\",\"dialog_layout\":\"modal\",\"dialog_offcanvas_flip\":true,\"icon_align\":\"left\"},\"source\":{\"query\":{\"name\":\"customMenuItem\",\"arguments\":{\"menu\":60,\"id\":\"12746\"}},\"props\":{\"link\":{\"name\":\"url\"}}}}]}]}]}]},{\"type\":\"section\",\"props\":{\"image_position\":\"center-center\",\"padding\":\"small\",\"style\":\"primary\",\"title_breakpoint\":\"xl\",\"title_position\":\"top-left\",\"title_rotation\":\"left\",\"vertical_align\":\"\",\"width\":\"default\"},\"children\":[{\"type\":\"row\",\"props\":{\"divider\":true,\"layout\":\"1-2,1-2\"},\"children\":[{\"type\":\"column\",\"props\":{\"image_position\":\"center-center\",\"position_sticky_breakpoint\":\"m\",\"width_medium\":\"1-2\"},\"children\":[{\"type\":\"panel\",\"props\":{\"content\":\"\n\n<p>Gu\\u00edas, documentos t\\u00e9cnicos, diagn\\u00f3sticos y m\\u00e1s de 20 archivos descargables en PDF<\\\/p>\",\"content_column_breakpoint\":\"m\",\"content_en_us\":\"\n\n<p>Guides, technical documents, diagnostics and more than 20 downloadable PDF files<\\\/p>\",\"icon_width\":80,\"image\":\"wp-content\\\/uploads\\\/2023\\\/07\\\/portada.jpg\",\"image_align\":\"left\",\"image_grid_breakpoint\":\"m\",\"image_grid_width\":\"small\",\"image_svg_color\":\"emphasis\",\"image_vertical_align\":true,\"link\":\"libreria\\\/\",\"link_style\":\"default\",\"link_text\":\"Ir a librer\\u00eda\",\"link_text_en_us\":\"Go to library\",\"margin\":\"default\",\"meta_align\":\"below-title\",\"meta_element\":\"div\",\"meta_style\":\"text-meta\",\"title\":\"Visite la librer\\u00eda\",\"title_align\":\"top\",\"title_element\":\"h2\",\"title_en_us\":\"Visit Library\",\"title_grid_breakpoint\":\"m\",\"title_grid_width\":\"1-2\",\"title_hover_style\":\"reset\",\"title_style\":\"h1\"}}]},{\"type\":\"column\",\"props\":{\"image_position\":\"center-center\",\"position_sticky_breakpoint\":\"m\",\"width_medium\":\"1-2\"},\"children\":[{\"type\":\"headline\",\"props\":{\"content\":\"Escuche el podcast\",\"content_en_us\":\"Listen to the podcast\",\"title_element\":\"h1\"}},{\"type\":\"html\",\"props\":{\"content\":\"<iframe style=\\\"border-radius:12px\\\" src=\\\"https:\\\/\\\/open.spotify.com\\\/embed\\\/show\\\/56PO3RKFwop3QyttecqSVT?utm_source=generator\\\" width=\\\"100%\\\" height=\\\"152\\\" frameBorder=\\\"0\\\" allowfullscreen=\\\"\\\" allow=\\\"autoplay; clipboard-write; encrypted-media; fullscreen; picture-in-picture\\\" loading=\\\"lazy\\\"><\\\/iframe>\"}},{\"type\":\"button\",\"props\":{\"button_size\":\"small\",\"grid_column_gap\":\"small\",\"grid_row_gap\":\"small\",\"margin\":\"default\"},\"children\":[{\"type\":\"button_item\",\"props\":{\"button_style\":\"secondary\",\"content\":\"Escuchar todos los episodios\",\"content_en_us\":\"Listen all episodes\",\"dialog_layout\":\"modal\",\"dialog_offcanvas_flip\":true,\"icon_align\":\"left\",\"link\":\"https:\\\/\\\/open.spotify.com\\\/show\\\/56PO3RKFwop3QyttecqSVT?si=703707905a7145ac\"}}]}]}]}]},{\"type\":\"section\",\"props\":{\"image_position\":\"center-center\",\"padding\":\"small\",\"style\":\"secondary\",\"title_breakpoint\":\"xl\",\"title_position\":\"top-left\",\"title_rotation\":\"left\",\"vertical_align\":\"\",\"width\":\"default\"},\"children\":[{\"type\":\"row\",\"children\":[{\"type\":\"column\",\"props\":{\"image_position\":\"center-center\",\"position_sticky_breakpoint\":\"m\"},\"children\":[{\"type\":\"headline\",\"props\":{\"content\":\"Videos\",\"title_element\":\"h1\"}}]}]},{\"type\":\"row\",\"props\":{\"layout\":\"1-3,1-3,1-3\",\"margin\":\"small\"},\"children\":[{\"type\":\"column\",\"props\":{\"image_position\":\"center-center\",\"position_sticky_breakpoint\":\"m\",\"width_medium\":\"1-3\"},\"children\":[{\"type\":\"video\",\"props\":{\"margin\":\"default\",\"video\":\"https:\\\/\\\/www.youtube.com\\\/watch?v=Vml8SZxHLBs&list=PL_V6dJimr8v1WWsuFXYHgAxqI9p59V0kt\",\"video_controls\":true,\"video_height\":\"900\",\"video_width\":\"1600\"},\"name\":\"Videos front\"}]},{\"type\":\"column\",\"props\":{\"image_position\":\"center-center\",\"position_sticky_breakpoint\":\"m\",\"width_medium\":\"1-3\"},\"children\":[{\"type\":\"video\",\"props\":{\"margin\":\"default\",\"video\":\"https:\\\/\\\/www.youtube.com\\\/watch?v=LrpALg7XfqY\",\"video_controls\":true,\"video_height\":\"900\",\"video_width\":\"1600\"},\"name\":\"Videos front\"}]},{\"type\":\"column\",\"props\":{\"image_position\":\"center-center\",\"position_sticky_breakpoint\":\"m\",\"width_medium\":\"1-3\"},\"children\":[{\"type\":\"video\",\"props\":{\"margin\":\"default\",\"video\":\"https:\\\/\\\/www.youtube.com\\\/watch?v=Bbf_O0j_Hu4\",\"video_controls\":true,\"video_height\":\"900\",\"video_width\":\"1600\"},\"name\":\"Videos front\"}]}]},{\"type\":\"row\",\"children\":[{\"type\":\"column\",\"props\":{\"image_position\":\"center-center\",\"position_sticky_breakpoint\":\"m\"},\"children\":[{\"type\":\"button\",\"props\":{\"button_size\":\"small\",\"grid_column_gap\":\"small\",\"grid_row_gap\":\"small\",\"margin\":\"default\"},\"children\":[{\"type\":\"button_item\",\"props\":{\"button_style\":\"default\",\"content\":\"Ir a canal Youtube\",\"content_en_us\":\"Go to Youtube channel\",\"dialog_layout\":\"modal\",\"dialog_offcanvas_flip\":true,\"icon_align\":\"left\",\"link\":\"https:\\\/\\\/www.youtube.com\\\/@naturapanama5887\"}}]}]}]}]}],\"version\":\"4.5.16\"} --><\/p>\n","protected":false},"excerpt":{"rendered":"<p>\u00daltimas noticias Ir a secci\u00f3n noticias Visite la librer\u00eda Gu\u00edas, documentos t\u00e9cnicos, diagn\u00f3sticos y m\u00e1s de 20 archivos descargables en PDF Ir a librer\u00eda Escuche el podcast Escuchar todos los episodios Videos Ir a canal Youtube<\/p>\n","protected":false},"author":1,"featured_media":0,"parent":0,"menu_order":0,"comment_status":"closed","ping_status":"closed","template":"","meta":{"_acf_changed":false,"footnotes":""},"class_list":["post-5401","page","type-page","status-publish","hentry"],"acf":[],"yoast_head":"<!-- This site is optimized with the Yoast SEO plugin v27.4 - https:\/\/yoast.com\/product\/yoast-seo-wordpress\/ -->\n<title>Noticias y Recursos<\/title>\n<meta name=\"description\" content=\"\u00daltimas noticias Ir a secci\u00f3n noticias Visite la librer\u00eda Gu\u00edas, documentos t\u00e9cnicos, diagn\u00f3sticos y m\u00e1s de 20 archivos descargables en PDF Ir a librer\u00eda Escuche el podcast Escuchar todos los episodios Videos Ir a canal Youtube\" \/>\n<meta name=\"robots\" content=\"index, follow, max-snippet:-1, max-image-preview:large, max-video-preview:-1\" \/>\n<link rel=\"canonical\" href=\"http:\/\/\u00daltimas%20noticias%20Ir%20a%20secci\u00f3n%20noticias%20Visite%20la%20librer\u00eda%20Gu\u00edas,%20documentos%20t\u00e9cnicos,%20diagn\u00f3sticos%20y%20m\u00e1s%20de%2020%20archivos%20descargables%20en%20PDF%20Ir%20a%20librer\u00eda%20Escuche%20el%20podcast%20Escuchar%20todos%20los%20episodios%20Videos%20Ir%20a%20canal%20Youtube\" \/>\n<meta property=\"og:locale\" content=\"en_US\" \/>\n<meta property=\"og:type\" content=\"article\" \/>\n<meta property=\"og:title\" content=\"Noticias y Recursos\" \/>\n<meta property=\"og:description\" content=\"\u00daltimas noticias Ir a secci\u00f3n noticias Visite la librer\u00eda Gu\u00edas, documentos t\u00e9cnicos, diagn\u00f3sticos y m\u00e1s de 20 archivos descargables en PDF Ir a librer\u00eda Escuche el podcast Escuchar todos los episodios Videos Ir a canal Youtube\" \/>\n<meta property=\"og:url\" content=\"https:\/\/naturapanama.org\/en\/noticias-y-recursos\/\" \/>\n<meta property=\"og:site_name\" content=\"Fundaci&oacute;n Natura\" \/>\n<meta property=\"article:publisher\" content=\"https:\/\/www.facebook.com\/naturapma\/\" \/>\n<meta property=\"article:modified_time\" content=\"2025-09-04T20:22:19+00:00\" \/>\n<meta name=\"twitter:card\" content=\"summary_large_image\" \/>\n<meta name=\"twitter:site\" content=\"@naturapanama\" \/>\n<script type=\"application\/ld+json\" class=\"yoast-schema-graph\">{\"@context\":\"https:\\\/\\\/schema.org\",\"@graph\":[{\"@type\":\"WebPage\",\"@id\":\"https:\\\/\\\/naturapanama.org\\\/en\\\/noticias-y-recursos\\\/\",\"url\":\"https:\\\/\\\/naturapanama.org\\\/en\\\/noticias-y-recursos\\\/\",\"name\":\"Noticias y Recursos &#060; Fundaci&oacute;n Natura\",\"isPartOf\":{\"@id\":\"https:\\\/\\\/naturapanama.org\\\/#website\"},\"datePublished\":\"2021-08-24T10:02:00+00:00\",\"dateModified\":\"2025-09-04T20:22:19+00:00\",\"breadcrumb\":{\"@id\":\"https:\\\/\\\/naturapanama.org\\\/en\\\/noticias-y-recursos\\\/#breadcrumb\"},\"inLanguage\":\"en-US\",\"potentialAction\":[{\"@type\":\"ReadAction\",\"target\":[\"https:\\\/\\\/naturapanama.org\\\/en\\\/noticias-y-recursos\\\/\"]}]},{\"@type\":\"BreadcrumbList\",\"@id\":\"https:\\\/\\\/naturapanama.org\\\/en\\\/noticias-y-recursos\\\/#breadcrumb\",\"itemListElement\":[{\"@type\":\"ListItem\",\"position\":1,\"name\":\"Inicio\",\"item\":\"https:\\\/\\\/naturapanama.org\\\/\"},{\"@type\":\"ListItem\",\"position\":2,\"name\":\"Noticias y Recursos\"}]},{\"@type\":\"WebSite\",\"@id\":\"https:\\\/\\\/naturapanama.org\\\/en\\\/#website\",\"url\":\"https:\\\/\\\/naturapanama.org\\\/en\\\/\",\"name\":\"Fundaci\u00f3n Natura\",\"description\":\"Fundaci&oacute;n Natura es reconocida como gestor de recursos, que lidera e innova en la conservaci&oacute;n y el manejo sostenible de ecosistemas y su biodiversidad en las cuencas hidrogr&aacute;ficas y &aacute;reas marino costeras priorizadas\",\"publisher\":{\"@id\":\"https:\\\/\\\/naturapanama.org\\\/en\\\/#organization\"},\"potentialAction\":[{\"@type\":\"SearchAction\",\"target\":{\"@type\":\"EntryPoint\",\"urlTemplate\":\"https:\\\/\\\/naturapanama.org\\\/en\\\/?s={search_term_string}\"},\"query-input\":{\"@type\":\"PropertyValueSpecification\",\"valueRequired\":true,\"valueName\":\"search_term_string\"}}],\"inLanguage\":\"en-US\"},{\"@type\":\"Organization\",\"@id\":\"https:\\\/\\\/naturapanama.org\\\/en\\\/#organization\",\"name\":\"Fundacion Natura\",\"url\":\"https:\\\/\\\/naturapanama.org\\\/en\\\/\",\"logo\":{\"@type\":\"ImageObject\",\"inLanguage\":\"en-US\",\"@id\":\"https:\\\/\\\/naturapanama.org\\\/en\\\/#\\\/schema\\\/logo\\\/image\\\/\",\"url\":\"https:\\\/\\\/naturapanama.org\\\/wp-content\\\/uploads\\\/2021\\\/08\\\/cropped-Recurso-3@4x.png\",\"contentUrl\":\"https:\\\/\\\/naturapanama.org\\\/wp-content\\\/uploads\\\/2021\\\/08\\\/cropped-Recurso-3@4x.png\",\"width\":512,\"height\":512,\"caption\":\"Fundacion Natura\"},\"image\":{\"@id\":\"https:\\\/\\\/naturapanama.org\\\/en\\\/#\\\/schema\\\/logo\\\/image\\\/\"},\"sameAs\":[\"https:\\\/\\\/www.facebook.com\\\/naturapma\\\/\",\"https:\\\/\\\/x.com\\\/naturapanama\",\"https:\\\/\\\/www.instagram.com\\\/naturapma\\\/\",\"https:\\\/\\\/www.youtube.com\\\/channel\\\/UCWu_h9ovqfg_vR2RlGe9UfA\"]}]}<\/script>\n<!-- \/ Yoast SEO plugin. -->","yoast_head_json":{"title":"Noticias y Recursos","description":"\u00daltimas noticias Ir a secci\u00f3n noticias Visite la librer\u00eda Gu\u00edas, documentos t\u00e9cnicos, diagn\u00f3sticos y m\u00e1s de 20 archivos descargables en PDF Ir a librer\u00eda Escuche el podcast Escuchar todos los episodios Videos Ir a canal Youtube","robots":{"index":"index","follow":"follow","max-snippet":"max-snippet:-1","max-image-preview":"max-image-preview:large","max-video-preview":"max-video-preview:-1"},"canonical":"\u00daltimas noticias Ir a secci\u00f3n noticias Visite la librer\u00eda Gu\u00edas, documentos t\u00e9cnicos, diagn\u00f3sticos y m\u00e1s de 20 archivos descargables en PDF Ir a librer\u00eda Escuche el podcast Escuchar todos los episodios Videos Ir a canal Youtube","og_locale":"en_US","og_type":"article","og_title":"Noticias y Recursos","og_description":"\u00daltimas noticias Ir a secci\u00f3n noticias Visite la librer\u00eda Gu\u00edas, documentos t\u00e9cnicos, diagn\u00f3sticos y m\u00e1s de 20 archivos descargables en PDF Ir a librer\u00eda Escuche el podcast Escuchar todos los episodios Videos Ir a canal Youtube","og_url":"https:\/\/naturapanama.org\/en\/noticias-y-recursos\/","og_site_name":"Fundaci&oacute;n Natura","article_publisher":"https:\/\/www.facebook.com\/naturapma\/","article_modified_time":"2025-09-04T20:22:19+00:00","twitter_card":"summary_large_image","twitter_site":"@naturapanama","schema":{"@context":"https:\/\/schema.org","@graph":[{"@type":"WebPage","@id":"https:\/\/naturapanama.org\/en\/noticias-y-recursos\/","url":"https:\/\/naturapanama.org\/en\/noticias-y-recursos\/","name":"Noticias y Recursos &#060; Fundaci&oacute;n Natura","isPartOf":{"@id":"https:\/\/naturapanama.org\/#website"},"datePublished":"2021-08-24T10:02:00+00:00","dateModified":"2025-09-04T20:22:19+00:00","breadcrumb":{"@id":"https:\/\/naturapanama.org\/en\/noticias-y-recursos\/#breadcrumb"},"inLanguage":"en-US","potentialAction":[{"@type":"ReadAction","target":["https:\/\/naturapanama.org\/en\/noticias-y-recursos\/"]}]},{"@type":"BreadcrumbList","@id":"https:\/\/naturapanama.org\/en\/noticias-y-recursos\/#breadcrumb","itemListElement":[{"@type":"ListItem","position":1,"name":"Inicio","item":"https:\/\/naturapanama.org\/"},{"@type":"ListItem","position":2,"name":"Noticias y Recursos"}]},{"@type":"WebSite","@id":"https:\/\/naturapanama.org\/en\/#website","url":"https:\/\/naturapanama.org\/en\/","name":"Fundaci\u00f3n Natura","description":"Fundaci&oacute;n Natura es reconocida como gestor de recursos, que lidera e innova en la conservaci&oacute;n y el manejo sostenible de ecosistemas y su biodiversidad en las cuencas hidrogr&aacute;ficas y &aacute;reas marino costeras priorizadas","publisher":{"@id":"https:\/\/naturapanama.org\/en\/#organization"},"potentialAction":[{"@type":"SearchAction","target":{"@type":"EntryPoint","urlTemplate":"https:\/\/naturapanama.org\/en\/?s={search_term_string}"},"query-input":{"@type":"PropertyValueSpecification","valueRequired":true,"valueName":"search_term_string"}}],"inLanguage":"en-US"},{"@type":"Organization","@id":"https:\/\/naturapanama.org\/en\/#organization","name":"Fundacion Natura","url":"https:\/\/naturapanama.org\/en\/","logo":{"@type":"ImageObject","inLanguage":"en-US","@id":"https:\/\/naturapanama.org\/en\/#\/schema\/logo\/image\/","url":"https:\/\/naturapanama.org\/wp-content\/uploads\/2021\/08\/cropped-Recurso-3@4x.png","contentUrl":"https:\/\/naturapanama.org\/wp-content\/uploads\/2021\/08\/cropped-Recurso-3@4x.png","width":512,"height":512,"caption":"Fundacion Natura"},"image":{"@id":"https:\/\/naturapanama.org\/en\/#\/schema\/logo\/image\/"},"sameAs":["https:\/\/www.facebook.com\/naturapma\/","https:\/\/x.com\/naturapanama","https:\/\/www.instagram.com\/naturapma\/","https:\/\/www.youtube.com\/channel\/UCWu_h9ovqfg_vR2RlGe9UfA"]}]}},"_links":{"self":[{"href":"https:\/\/naturapanama.org\/en\/wp-json\/wp\/v2\/pages\/5401","targetHints":{"allow":["GET"]}}],"collection":[{"href":"https:\/\/naturapanama.org\/en\/wp-json\/wp\/v2\/pages"}],"about":[{"href":"https:\/\/naturapanama.org\/en\/wp-json\/wp\/v2\/types\/page"}],"author":[{"embeddable":true,"href":"https:\/\/naturapanama.org\/en\/wp-json\/wp\/v2\/users\/1"}],"replies":[{"embeddable":true,"href":"https:\/\/naturapanama.org\/en\/wp-json\/wp\/v2\/comments?post=5401"}],"version-history":[{"count":114,"href":"https:\/\/naturapanama.org\/en\/wp-json\/wp\/v2\/pages\/5401\/revisions"}],"predecessor-version":[{"id":12881,"href":"https:\/\/naturapanama.org\/en\/wp-json\/wp\/v2\/pages\/5401\/revisions\/12881"}],"wp:attachment":[{"href":"https:\/\/naturapanama.org\/en\/wp-json\/wp\/v2\/media?parent=5401"}],"curies":[{"name":"wp","href":"https:\/\/api.w.org\/{rel}","templated":true}]}}