{"id":5436,"date":"2021-08-24T11:17:29","date_gmt":"2021-08-24T11:17:29","guid":{"rendered":"https:\/\/naturapanama.org\/?page_id=5436"},"modified":"2023-09-07T14:38:26","modified_gmt":"2023-09-07T19:38:26","slug":"contactanos","status":"publish","type":"page","link":"https:\/\/naturapanama.org\/en\/contactanos\/","title":{"rendered":"Cont\u00e1ctanos"},"content":{"rendered":"<h1>Cont\u00e1ctanos<\/h1>\n<div>\n<h3>Informaci\u00f3n de contacto<\/h3>\n<div>\n<p>Direcci\u00f3n:<br \/>Llanos de Curundu, Edificio 1992 A-B<br \/>Anc\u00f3n, Ciudad de Panam\u00e1, Panam\u00e1<\/p>\n<p>Tel.: <a href=\"tel:5072327615\">+507 232-7615<\/a><\/p>\n<p>Email: <a href=\"mailto:info@naturapanama.org\">info@naturapanama.org<\/a><\/p>\n<\/div>\n<p><a href=\"https:\/\/www.google.com\/maps\/dir\/\/Fundaci\u00f3n+para+la+Conservaci\u00f3n+de+los+Recursos+Naturales+XFH2%2BW73+Panam\u00e1\/@8.9797582,-79.5493392,19z\/data=!4m8!4m7!1m0!1m5!1m1!1s0x8faca899fc6bede5:0xea93080b337fac34!2m2!1d-79.5493392!2d8.9797582?entry=ttu\">Google maps<\/a><\/p>\n<\/div>\n<div>\n<p>8.9838,-79.5501<\/p>\n<h2>Fundaci\u00f3n Natura<\/h2>\n<div>\n<p>Llanos de Curundu, Edificio 1992 A-B<br \/>Anc\u00f3n, Ciudad de Panam\u00e1, Panam\u00e1<br \/>Tel.: <a href=\"tel:5072327615\">+507 232-7615<\/a><br \/>Email: <a href=\"mailto:info@naturapanama.org\">info@naturapanama.org<\/a><\/p>\n<\/div>\n<p><a href=\"https:\/\/www.google.com\/maps\/dir\/\/Fundaci\u00f3n+para+la+Conservaci\u00f3n+de+los+Recursos+Naturales+XFH2%2BW73+Panam\u00e1\/@8.9797582,-79.5493392,19z\/data=!4m8!4m7!1m0!1m5!1m1!1s0x8faca899fc6bede5:0xea93080b337fac34!2m2!1d-79.5493392!2d8.9797582?entry=ttu\">ver en Google maps<\/a><\/p>\n<\/div>\n<div>\n<h2>\u00bfQuieres suscribirte a nuestro bolet\u00edn?<\/h2>\n<div>\n<p>Si est\u00e1s interesado en recibir informaci\u00f3n sobre nuestros eventos, reuniones y m\u00e1s,\u00a0 suscr\u00edbete a nuestro bolet\u00edn rellenando el formulario que encuentras aqu\u00ed.<\/p>\n<\/div>\n<\/div>\n<p><!--more--><br \/>\n<!-- {\"type\":\"layout\",\"children\":[{\"type\":\"section\",\"props\":{\"image_position\":\"center-center\",\"style\":\"default\",\"title_breakpoint\":\"xl\",\"title_position\":\"top-left\",\"title_rotation\":\"left\",\"vertical_align\":\"middle\",\"width\":\"default\"},\"children\":[{\"type\":\"row\",\"children\":[{\"type\":\"column\",\"props\":{\"image_position\":\"center-center\",\"position_sticky_breakpoint\":\"m\"},\"children\":[{\"type\":\"headline\",\"props\":{\"content\":\"Cont\\u00e1ctanos\",\"content_en_us\":\"Contact Us\",\"text_align\":\"center\",\"title_color\":\"primary\",\"title_decoration\":\"line\",\"title_element\":\"h1\",\"title_style\":\"heading-small\"}}]}]},{\"type\":\"row\",\"props\":{\"layout\":\"1-4,3-4\"},\"children\":[{\"type\":\"column\",\"props\":{\"image_position\":\"center-center\",\"position_sticky_breakpoint\":\"m\",\"style\":\"card-primary\",\"vertical_align\":\"middle\",\"width_medium\":\"1-4\"},\"children\":[{\"type\":\"panel\",\"props\":{\"content\":\"\n\n<p>Direcci\\u00f3n:<br \\\/>Llanos de Curundu, Edificio 1992 A-B<br \\\/>Anc\\u00f3n, Ciudad de Panam\\u00e1, Panam\\u00e1<br \\\/><br \\\/>Tel.: <a href=\\\"tel:5072327615\\\">+507 232-7615<\\\/a><br \\\/><br \\\/>Email: <a href=\\\"mailto:info@naturapanama.org\\\">info@naturapanama.org<\\\/a><\\\/p>\",\"content_column_breakpoint\":\"m\",\"content_en_us\":\"\n\n<p>Address:<br \\\/>Llanos de Curundu, House 1992 A-B<br \\\/>Anc\\u00f3n, Panama City, Panama<br \\\/><br \\\/>Tel.: <a href=\\\"tel:5072327615\\\">+507 232-7615<\\\/a><br \\\/><br \\\/>Email: <a href=\\\"mailto:info@naturapanama.org\\\">info@naturapanama.org<\\\/a><\\\/p>\",\"icon_width\":80,\"image_align\":\"top\",\"image_grid_breakpoint\":\"m\",\"image_grid_width\":\"1-2\",\"image_svg_color\":\"emphasis\",\"link\":\"https:\\\/\\\/www.google.com\\\/maps\\\/dir\\\/\\\/Fundaci\\u00f3n+para+la+Conservaci\\u00f3n+de+los+Recursos+Naturales+XFH2%2BW73+Panam\\u00e1\\\/@8.9797582,-79.5493392,19z\\\/data=!4m8!4m7!1m0!1m5!1m1!1s0x8faca899fc6bede5:0xea93080b337fac34!2m2!1d-79.5493392!2d8.9797582?entry=ttu\",\"link_margin\":\"medium\",\"link_size\":\"small\",\"link_style\":\"default\",\"link_text\":\"Google maps\",\"margin\":\"default\",\"meta_align\":\"below-title\",\"meta_element\":\"div\",\"meta_style\":\"text-meta\",\"title\":\"Informaci\\u00f3n de contacto\",\"title_align\":\"top\",\"title_element\":\"h3\",\"title_en_us\":\"Contact Information\",\"title_grid_breakpoint\":\"m\",\"title_grid_width\":\"1-2\",\"title_hover_style\":\"reset\"}}]},{\"type\":\"column\",\"props\":{\"image_position\":\"center-center\",\"position_sticky_breakpoint\":\"m\",\"width_medium\":\"3-4\"},\"children\":[{\"type\":\"map\",\"props\":{\"content_margin\":\"remove\",\"controls\":true,\"dragging\":false,\"image_svg_color\":\"emphasis\",\"link_fullwidth\":true,\"link_margin\":\"small\",\"link_size\":\"small\",\"link_style\":\"primary\",\"link_text\":\"Read more\",\"margin\":\"default\",\"max_zoom\":18,\"meta_align\":\"below-title\",\"meta_element\":\"div\",\"meta_margin\":\"remove\",\"meta_style\":\"text-meta\",\"min_zoom\":0,\"poi\":false,\"show_content\":true,\"show_image\":true,\"show_link\":true,\"show_meta\":true,\"show_title\":true,\"title_element\":\"h2\",\"title_hover_style\":\"reset\",\"title_margin\":\"remove\",\"title_style\":\"h4\",\"type\":\"roadmap\",\"viewport_height\":\"percent\",\"zoom\":\"16\",\"zooming\":false},\"children\":[{\"type\":\"map_item\",\"props\":{\"content\":\"\n\n<p>Llanos de Curundu, Edificio 1992 A-B<br \\\/>Anc\\u00f3n, Ciudad de Panam\\u00e1, Panam\\u00e1<br \\\/>Tel.: <a href=\\\"tel:5072327615\\\">+507 232-7615<\\\/a><br \\\/>Email: <a href=\\\"mailto:info@naturapanama.org\\\">info@naturapanama.org<\\\/a><\\\/p>\",\"content_en_us\":\"\n\n<p>Llanos de Curundu, Houses 1992 A-B<br \\\/>Ancon, Panama City, Panama<br \\\/>Tel.: <a href=\\\"tel:5072327615\\\">+507 232-7615<\\\/a><br \\\/>Email: <a href=\\\"mailto:info@naturapanama.org\\\">info@naturapanama.org<\\\/a><\\\/p>\",\"link\":\"https:\\\/\\\/www.google.com\\\/maps\\\/dir\\\/\\\/Fundaci\\u00f3n+para+la+Conservaci\\u00f3n+de+los+Recursos+Naturales+XFH2%2BW73+Panam\\u00e1\\\/@8.9797582,-79.5493392,19z\\\/data=!4m8!4m7!1m0!1m5!1m1!1s0x8faca899fc6bede5:0xea93080b337fac34!2m2!1d-79.5493392!2d8.9797582?entry=ttu\",\"link_aria_label\":\"Enviar a google maps\",\"link_text\":\"ver en Google maps\",\"location\":\"8.9838,-79.5501\",\"title\":\"Fundaci\\u00f3n Natura\",\"title_en_us\":\"Natura Foundation\"}}]}]}]}]},{\"type\":\"section\",\"props\":{\"image\":\"wp-content\\\/uploads\\\/2021\\\/08\\\/bg-contactenos.jpg\",\"image_position\":\"center-center\",\"media_overlay\":\"rgba(10, 88, 148, 0.8)\",\"style\":\"primary\",\"title_breakpoint\":\"xl\",\"title_position\":\"top-left\",\"title_rotation\":\"left\",\"vertical_align\":\"middle\",\"width\":\"default\"},\"children\":[{\"type\":\"row\",\"children\":[{\"type\":\"column\",\"props\":{\"image_position\":\"center-center\",\"position_sticky_breakpoint\":\"m\"},\"children\":[{\"type\":\"panel\",\"props\":{\"content\":\"\n\n<p>Si est\\u00e1s interesado en recibir informaci\\u00f3n sobre nuestros eventos, reuniones y m\\u00e1s,\\u00a0 suscr\\u00edbete a nuestro bolet\\u00edn rellenando el formulario que encuentras aqu\\u00ed.<\\\/p>\",\"content_column_breakpoint\":\"m\",\"content_en_us\":\"\n\n<p>If you are interested in receiving information about our events, meetings and more, subscribe to our newsletter by filling out the form you find here.<\\\/p>\",\"content_style\":\"text-lead\",\"icon_width\":80,\"image_align\":\"top\",\"image_grid_breakpoint\":\"m\",\"image_grid_width\":\"1-2\",\"image_svg_color\":\"emphasis\",\"link_style\":\"default\",\"link_text\":\"Read more\",\"margin\":\"default\",\"meta_align\":\"below-title\",\"meta_element\":\"div\",\"meta_style\":\"text-meta\",\"title\":\"\\u00bfQuieres suscribirte a nuestro bolet\\u00edn?\",\"title_align\":\"top\",\"title_element\":\"h2\",\"title_en_us\":\"Would you like to subscribe to our news bulletin?\",\"title_grid_breakpoint\":\"m\",\"title_grid_width\":\"1-2\",\"title_hover_style\":\"reset\",\"title_style\":\"h1\"}},{\"type\":\"newsletter\",\"props\":{\"button_icon\":\"mail\",\"button_mode\":\"button\",\"button_style\":\"default\",\"cmonitor\":{\"client_id\":\"\",\"list_id\":\"\"},\"label_button\":\"Subscribe\",\"label_email\":\"Email address\",\"label_first_name\":\"First name\",\"label_last_name\":\"Last name\",\"layout\":\"grid\",\"mailchimp\":{\"client_id\":\"\",\"list_id\":\"c67a327f52\",\"double_optin\":true},\"provider\":{\"name\":\"mailchimp\",\"after_submit\":\"message\",\"message\":\"You've been subscribed successfully.\",\"redirect\":\"\"},\"show_name\":true}}]}]}]}],\"version\":\"4.0.11\"} --><\/p>\n","protected":false},"excerpt":{"rendered":"<p>Cont\u00e1ctanos Informaci\u00f3n de contacto Direcci\u00f3n:Llanos de Curundu, Edificio 1992 A-BAnc\u00f3n, Ciudad de Panam\u00e1, Panam\u00e1 Tel.: +507 232-7615 Email: info@naturapanama.org Google maps 8.9838,-79.5501 Fundaci\u00f3n Natura Llanos de Curundu, Edificio 1992 A-BAnc\u00f3n, Ciudad de Panam\u00e1, Panam\u00e1Tel.: +507 232-7615Email: info@naturapanama.org ver en Google maps \u00bfQuieres suscribirte a nuestro bolet\u00edn? Si est\u00e1s interesado en recibir informaci\u00f3n sobre nuestros eventos, [&hellip;]<\/p>\n","protected":false},"author":1,"featured_media":0,"parent":0,"menu_order":0,"comment_status":"closed","ping_status":"closed","template":"","meta":{"_acf_changed":false,"footnotes":""},"class_list":["post-5436","page","type-page","status-publish","hentry"],"acf":[],"yoast_head":"<!-- This site is optimized with the Yoast SEO plugin v27.3 - https:\/\/yoast.com\/product\/yoast-seo-wordpress\/ -->\n<title>Cont\u00e1ctanos<\/title>\n<meta name=\"description\" content=\"Cont\u00e1ctanos Informaci\u00f3n de contacto Direcci\u00f3n:Llanos de Curundu, Edificio 1992 A-BAnc\u00f3n, Ciudad de Panam\u00e1, Panam\u00e1Tel.: +507 232-7615Email: info@naturapanama.org Google maps 8.9838,-79.5501 Fundaci\u00f3n Natura Llanos de Curundu, Edificio 1992 A-BAnc\u00f3n, Ciudad de Panam\u00e1, Panam\u00e1Tel.: +507 232-7615Email: info@naturapanama.org ver en Google maps \u00bfQuieres suscribirte a nuestro bolet\u00edn? Si est\u00e1s interesado en recibir informaci\u00f3n sobre nuestros eventos, reuniones y&hellip;\" \/>\n<meta name=\"robots\" content=\"index, follow, max-snippet:-1, max-image-preview:large, max-video-preview:-1\" \/>\n<link rel=\"canonical\" href=\"\" \/>\n<meta property=\"og:locale\" content=\"en_US\" \/>\n<meta property=\"og:type\" content=\"article\" \/>\n<meta property=\"og:title\" content=\"Cont\u00e1ctanos\" \/>\n<meta property=\"og:description\" content=\"Cont\u00e1ctanos Informaci\u00f3n de contacto Direcci\u00f3n:Llanos de Curundu, Edificio 1992 A-BAnc\u00f3n, Ciudad de Panam\u00e1, Panam\u00e1Tel.: +507 232-7615Email: info@naturapanama.org Google maps 8.9838,-79.5501 Fundaci\u00f3n Natura Llanos de Curundu, Edificio 1992 A-BAnc\u00f3n, Ciudad de Panam\u00e1, Panam\u00e1Tel.: +507 232-7615Email: info@naturapanama.org ver en Google maps \u00bfQuieres suscribirte a nuestro bolet\u00edn? Si est\u00e1s interesado en recibir informaci\u00f3n sobre nuestros eventos, reuniones y&hellip;\" \/>\n<meta property=\"og:url\" content=\"https:\/\/naturapanama.org\/en\/contactanos\/\" \/>\n<meta property=\"og:site_name\" content=\"Fundaci&oacute;n Natura\" \/>\n<meta property=\"article:publisher\" content=\"https:\/\/www.facebook.com\/naturapma\/\" \/>\n<meta property=\"article:modified_time\" content=\"2023-09-07T19:38:26+00:00\" \/>\n<meta name=\"twitter:card\" content=\"summary_large_image\" \/>\n<meta name=\"twitter:site\" content=\"@naturapanama\" \/>\n<script type=\"application\/ld+json\" class=\"yoast-schema-graph\">{\"@context\":\"https:\\\/\\\/schema.org\",\"@graph\":[{\"@type\":\"WebPage\",\"@id\":\"https:\\\/\\\/naturapanama.org\\\/en\\\/contactanos\\\/\",\"url\":\"https:\\\/\\\/naturapanama.org\\\/en\\\/contactanos\\\/\",\"name\":\"Cont\u00e1ctanos &#060; Fundaci&oacute;n Natura\",\"isPartOf\":{\"@id\":\"https:\\\/\\\/naturapanama.org\\\/#website\"},\"datePublished\":\"2021-08-24T11:17:29+00:00\",\"dateModified\":\"2023-09-07T19:38:26+00:00\",\"breadcrumb\":{\"@id\":\"https:\\\/\\\/naturapanama.org\\\/en\\\/contactanos\\\/#breadcrumb\"},\"inLanguage\":\"en-US\",\"potentialAction\":[{\"@type\":\"ReadAction\",\"target\":[\"https:\\\/\\\/naturapanama.org\\\/en\\\/contactanos\\\/\"]}]},{\"@type\":\"BreadcrumbList\",\"@id\":\"https:\\\/\\\/naturapanama.org\\\/en\\\/contactanos\\\/#breadcrumb\",\"itemListElement\":[{\"@type\":\"ListItem\",\"position\":1,\"name\":\"Inicio\",\"item\":\"https:\\\/\\\/naturapanama.org\\\/\"},{\"@type\":\"ListItem\",\"position\":2,\"name\":\"Cont\u00e1ctanos\"}]},{\"@type\":\"WebSite\",\"@id\":\"https:\\\/\\\/naturapanama.org\\\/en\\\/#website\",\"url\":\"https:\\\/\\\/naturapanama.org\\\/en\\\/\",\"name\":\"Fundaci\u00f3n Natura\",\"description\":\"Fundaci&oacute;n Natura es reconocida como gestor de recursos, que lidera e innova en la conservaci&oacute;n y el manejo sostenible de ecosistemas y su biodiversidad en las cuencas hidrogr&aacute;ficas y &aacute;reas marino costeras priorizadas\",\"publisher\":{\"@id\":\"https:\\\/\\\/naturapanama.org\\\/en\\\/#organization\"},\"potentialAction\":[{\"@type\":\"SearchAction\",\"target\":{\"@type\":\"EntryPoint\",\"urlTemplate\":\"https:\\\/\\\/naturapanama.org\\\/en\\\/?s={search_term_string}\"},\"query-input\":{\"@type\":\"PropertyValueSpecification\",\"valueRequired\":true,\"valueName\":\"search_term_string\"}}],\"inLanguage\":\"en-US\"},{\"@type\":\"Organization\",\"@id\":\"https:\\\/\\\/naturapanama.org\\\/en\\\/#organization\",\"name\":\"Fundacion Natura\",\"url\":\"https:\\\/\\\/naturapanama.org\\\/en\\\/\",\"logo\":{\"@type\":\"ImageObject\",\"inLanguage\":\"en-US\",\"@id\":\"https:\\\/\\\/naturapanama.org\\\/en\\\/#\\\/schema\\\/logo\\\/image\\\/\",\"url\":\"https:\\\/\\\/naturapanama.org\\\/wp-content\\\/uploads\\\/2021\\\/08\\\/cropped-Recurso-3@4x.png\",\"contentUrl\":\"https:\\\/\\\/naturapanama.org\\\/wp-content\\\/uploads\\\/2021\\\/08\\\/cropped-Recurso-3@4x.png\",\"width\":512,\"height\":512,\"caption\":\"Fundacion Natura\"},\"image\":{\"@id\":\"https:\\\/\\\/naturapanama.org\\\/en\\\/#\\\/schema\\\/logo\\\/image\\\/\"},\"sameAs\":[\"https:\\\/\\\/www.facebook.com\\\/naturapma\\\/\",\"https:\\\/\\\/x.com\\\/naturapanama\",\"https:\\\/\\\/www.instagram.com\\\/naturapma\\\/\",\"https:\\\/\\\/www.youtube.com\\\/channel\\\/UCWu_h9ovqfg_vR2RlGe9UfA\"]}]}<\/script>\n<!-- \/ Yoast SEO plugin. -->","yoast_head_json":{"title":"Cont\u00e1ctanos","description":"Cont\u00e1ctanos Informaci\u00f3n de contacto Direcci\u00f3n:Llanos de Curundu, Edificio 1992 A-BAnc\u00f3n, Ciudad de Panam\u00e1, Panam\u00e1Tel.: +507 232-7615Email: info@naturapanama.org Google maps 8.9838,-79.5501 Fundaci\u00f3n Natura Llanos de Curundu, Edificio 1992 A-BAnc\u00f3n, Ciudad de Panam\u00e1, Panam\u00e1Tel.: +507 232-7615Email: info@naturapanama.org ver en Google maps \u00bfQuieres suscribirte a nuestro bolet\u00edn? Si est\u00e1s interesado en recibir informaci\u00f3n sobre nuestros eventos, reuniones y&hellip;","robots":{"index":"index","follow":"follow","max-snippet":"max-snippet:-1","max-image-preview":"max-image-preview:large","max-video-preview":"max-video-preview:-1"},"canonical":"Cont\u00e1ctanos Informaci\u00f3n de contacto Direcci\u00f3n:Llanos de Curundu, Edificio 1992 A-BAnc\u00f3n, Ciudad de Panam\u00e1, Panam\u00e1Tel.:  507 232-7615Email: info@naturapanama.org Google maps 8.9838,-79.5501 Fundaci\u00f3n Natura Llanos de Curundu, Edificio 1992 A-BAnc\u00f3n, Ciudad de Panam\u00e1, Panam\u00e1Tel.:  507 232-7615Email: info@naturapanama.org ver en Google maps \u00bfQuieres suscribirte a nuestro bolet\u00edn? Si est\u00e1s interesado en recibir informaci\u00f3n sobre nuestros eventos, reuniones y&hellip;","og_locale":"en_US","og_type":"article","og_title":"Cont\u00e1ctanos","og_description":"Cont\u00e1ctanos Informaci\u00f3n de contacto Direcci\u00f3n:Llanos de Curundu, Edificio 1992 A-BAnc\u00f3n, Ciudad de Panam\u00e1, Panam\u00e1Tel.: +507 232-7615Email: info@naturapanama.org Google maps 8.9838,-79.5501 Fundaci\u00f3n Natura Llanos de Curundu, Edificio 1992 A-BAnc\u00f3n, Ciudad de Panam\u00e1, Panam\u00e1Tel.: +507 232-7615Email: info@naturapanama.org ver en Google maps \u00bfQuieres suscribirte a nuestro bolet\u00edn? Si est\u00e1s interesado en recibir informaci\u00f3n sobre nuestros eventos, reuniones y&hellip;","og_url":"https:\/\/naturapanama.org\/en\/contactanos\/","og_site_name":"Fundaci&oacute;n Natura","article_publisher":"https:\/\/www.facebook.com\/naturapma\/","article_modified_time":"2023-09-07T19:38:26+00:00","twitter_card":"summary_large_image","twitter_site":"@naturapanama","schema":{"@context":"https:\/\/schema.org","@graph":[{"@type":"WebPage","@id":"https:\/\/naturapanama.org\/en\/contactanos\/","url":"https:\/\/naturapanama.org\/en\/contactanos\/","name":"Cont\u00e1ctanos &#060; Fundaci&oacute;n Natura","isPartOf":{"@id":"https:\/\/naturapanama.org\/#website"},"datePublished":"2021-08-24T11:17:29+00:00","dateModified":"2023-09-07T19:38:26+00:00","breadcrumb":{"@id":"https:\/\/naturapanama.org\/en\/contactanos\/#breadcrumb"},"inLanguage":"en-US","potentialAction":[{"@type":"ReadAction","target":["https:\/\/naturapanama.org\/en\/contactanos\/"]}]},{"@type":"BreadcrumbList","@id":"https:\/\/naturapanama.org\/en\/contactanos\/#breadcrumb","itemListElement":[{"@type":"ListItem","position":1,"name":"Inicio","item":"https:\/\/naturapanama.org\/"},{"@type":"ListItem","position":2,"name":"Cont\u00e1ctanos"}]},{"@type":"WebSite","@id":"https:\/\/naturapanama.org\/en\/#website","url":"https:\/\/naturapanama.org\/en\/","name":"Fundaci\u00f3n Natura","description":"Fundaci&oacute;n Natura es reconocida como gestor de recursos, que lidera e innova en la conservaci&oacute;n y el manejo sostenible de ecosistemas y su biodiversidad en las cuencas hidrogr&aacute;ficas y &aacute;reas marino costeras priorizadas","publisher":{"@id":"https:\/\/naturapanama.org\/en\/#organization"},"potentialAction":[{"@type":"SearchAction","target":{"@type":"EntryPoint","urlTemplate":"https:\/\/naturapanama.org\/en\/?s={search_term_string}"},"query-input":{"@type":"PropertyValueSpecification","valueRequired":true,"valueName":"search_term_string"}}],"inLanguage":"en-US"},{"@type":"Organization","@id":"https:\/\/naturapanama.org\/en\/#organization","name":"Fundacion Natura","url":"https:\/\/naturapanama.org\/en\/","logo":{"@type":"ImageObject","inLanguage":"en-US","@id":"https:\/\/naturapanama.org\/en\/#\/schema\/logo\/image\/","url":"https:\/\/naturapanama.org\/wp-content\/uploads\/2021\/08\/cropped-Recurso-3@4x.png","contentUrl":"https:\/\/naturapanama.org\/wp-content\/uploads\/2021\/08\/cropped-Recurso-3@4x.png","width":512,"height":512,"caption":"Fundacion Natura"},"image":{"@id":"https:\/\/naturapanama.org\/en\/#\/schema\/logo\/image\/"},"sameAs":["https:\/\/www.facebook.com\/naturapma\/","https:\/\/x.com\/naturapanama","https:\/\/www.instagram.com\/naturapma\/","https:\/\/www.youtube.com\/channel\/UCWu_h9ovqfg_vR2RlGe9UfA"]}]}},"_links":{"self":[{"href":"https:\/\/naturapanama.org\/en\/wp-json\/wp\/v2\/pages\/5436","targetHints":{"allow":["GET"]}}],"collection":[{"href":"https:\/\/naturapanama.org\/en\/wp-json\/wp\/v2\/pages"}],"about":[{"href":"https:\/\/naturapanama.org\/en\/wp-json\/wp\/v2\/types\/page"}],"author":[{"embeddable":true,"href":"https:\/\/naturapanama.org\/en\/wp-json\/wp\/v2\/users\/1"}],"replies":[{"embeddable":true,"href":"https:\/\/naturapanama.org\/en\/wp-json\/wp\/v2\/comments?post=5436"}],"version-history":[{"count":139,"href":"https:\/\/naturapanama.org\/en\/wp-json\/wp\/v2\/pages\/5436\/revisions"}],"predecessor-version":[{"id":10408,"href":"https:\/\/naturapanama.org\/en\/wp-json\/wp\/v2\/pages\/5436\/revisions\/10408"}],"wp:attachment":[{"href":"https:\/\/naturapanama.org\/en\/wp-json\/wp\/v2\/media?parent=5436"}],"curies":[{"name":"wp","href":"https:\/\/api.w.org\/{rel}","templated":true}]}}